{"id":34,"date":"2016-10-19T12:02:24","date_gmt":"2016-10-19T12:02:24","guid":{"rendered":"http:\/\/daemsracing.be.yoolswebsite.be\/?page_id=34"},"modified":"2018-07-20T09:42:09","modified_gmt":"2018-07-20T09:42:09","slug":"nieuws","status":"publish","type":"page","link":"https:\/\/daemsracing.be\/en\/news\/","title":{"rendered":"News"},"content":{"rendered":"<div class=\"sheet\">\r\n\r\n\r\n<div class=\"news-block row\">\r\n\r\n<div class=\"col-2\">\r\n<h2>Daems Racing met l\u2019accent sur la NSK en 2023<\/h2>\r\n<p>Depuis plusieurs d\u00e9cennies, Daems Racing est synonyme de performance et de s\u00e9rieux dans le monde du karting. Jan Daems a pris la succession de son p\u00e8re aux commandes du team belge en 2007 afin de poursuivre la belle histoire initi\u00e9e dans les ann\u00e9es 80. Sp\u00e9cialiste du Rotax, Daems Racing rayonne\u2026 <\/p><a href=\"\/daems-racing-met-laccent-sur-la-nsk-en-2023\" class=\"read-more\">Lees meer<\/a>\r\n<\/div> <!-- .col-2 -->\r\n\r\n<div class=\"col-2\">\r\n<div class=\"news-img\" style=\"background-image: url('https:\/\/daemsracing.be\/wp-content\/uploads\/2022\/12\/kartcom_website_ksp_fourquemin-paul_salbris_073_5163.jpg.webp');\"><\/div>\r\n<\/div> <!-- .col-2 -->\r\n\r\n<\/div> <!-- .news-block .row -->\r\n\r\n\r\n<div class=\"news-block row\">\r\n\r\n<div class=\"col-2\">\r\n<h2>Ho-ho-ho \ud83c\udf85<\/h2>\r\n<p>DAEMS Racing wishing you a Merry Christmas and a happy New Year \ud83d\udca5<\/p><a href=\"\/ho-ho-ho-%f0%9f%8e%85\" class=\"read-more\">Lees meer<\/a>\r\n<\/div> <!-- .col-2 -->\r\n\r\n<div class=\"col-2\">\r\n<div class=\"news-img\" style=\"background-image: url('https:\/\/daemsracing.be\/wp-content\/uploads\/2022\/12\/321423680_1219864758638450_7518891146886527188_n.jpg');\"><\/div>\r\n<\/div> <!-- .col-2 -->\r\n\r\n<\/div> <!-- .news-block .row -->\r\n\r\n\r\n<div class=\"news-block row\">\r\n\r\n<div class=\"col-2\">\r\n<h2>\ud83c\udf0d The Grand Finals are over!<\/h2>\r\n<p>\ud83c\udf0d The Grand Finals are over! And we have something to be happy for \ud83d\ude04 Hi Andrea, here we have in : \ud83e\udd48 Tijs is vice \ud83c\udf0d champion in E20 \u26a1\ufe0f Junior! \u2022Mini: Van Rooijen, 48th. \u2022Senior: Eriksen, 17th. Riis, 66th. \u2022DD2 : Vendelbo, 26th. Sachse, 27th.<\/p><a href=\"\/%f0%9f%8c%8d-the-grand-finals-are-over\" class=\"read-more\">Lees meer<\/a>\r\n<\/div> <!-- .col-2 -->\r\n\r\n<div class=\"col-2\">\r\n<div class=\"news-img\" style=\"background-image: url('https:\/\/daemsracing.be\/wp-content\/uploads\/2022\/11\/Screenshot-2022-11-30-at-13-27-33-Daems-Racing-Team-@daemsracing-\u2022-Instagram-fotos-en-videos.png');\"><\/div>\r\n<\/div> <!-- .col-2 -->\r\n\r\n<\/div> <!-- .news-block .row -->\r\n\r\n\r\n<div class=\"news-block row\">\r\n\r\n<div class=\"col-2\">\r\n<h2>Van Rooijen did it again in the Chrono event at Genk\ud83e\udd47<\/h2>\r\n<p>Van Rooijen did it again in the Chrono event at Genk\ud83e\udd47 Stevens overlooks on the podium \ud83e\udd49 Guys let&#8217;s keep working hard and paint all the podiums with the colors of Daems Racing \ud83d\udfe1\ud83d\udd35 Final results\ud83d\udc47\ud83c\udffc \u2022Mini: Van Rooijen, 1st. \u2022Junior: Lowette, 5th. Jonckers, 13th. \u2022Senior: Stevens, 3rd. De Heus,\u2026 <\/p><a href=\"\/van-rooijen-did-it-again-in-the-chrono-event-at-genk%f0%9f%a5%87\" class=\"read-more\">Lees meer<\/a>\r\n<\/div> <!-- .col-2 -->\r\n\r\n<div class=\"col-2\">\r\n<div class=\"news-img\" style=\"background-image: url('https:\/\/daemsracing.be\/wp-content\/uploads\/2022\/11\/IMG_0558.jpg');\"><\/div>\r\n<\/div> <!-- .col-2 -->\r\n\r\n<\/div> <!-- .news-block .row -->\r\n\r\n\r\n<div class=\"news-block row\">\r\n\r\n<div class=\"col-2\">\r\n<h2>It started out on podium \ud83c\udf7e Vic finished the Junior MAX final in 3rd place \ud83c\udfc6<\/h2>\r\n<p>\u2197\ufe0f Good comebacks also in the other classes. \u2022Junior MAX &#8211; \ud83e\udd49 Stevens 3rd, Lowette RET. \u2022Senior MAX &#8211; Ramjankhan 14th. Koikkalainen unfortunately missed the access to Final. \u2022DD2 &#8211; Cuppens 10th, Deckers 22nd, Seifried DNF. \u2022MASTERS &#8211; Adams 6th. \ud83d\udd39 #BluePower | \ud83c\udf40 #Ride4timo<\/p><a href=\"\/it-started-out-on-podium-%f0%9f%8d%be-vic-finished-the-junior-max-final-in-3rd-place-%f0%9f%8f%86\" class=\"read-more\">Lees meer<\/a>\r\n<\/div> <!-- .col-2 -->\r\n\r\n<div class=\"col-2\">\r\n<div class=\"news-img\" style=\"background-image: url('https:\/\/daemsracing.be\/wp-content\/uploads\/2022\/02\/MS_01813_RMCET-Winter-Cup.jpg');\"><\/div>\r\n<\/div> <!-- .col-2 -->\r\n\r\n<\/div> <!-- .news-block .row -->\r\n\r\n\r\n<div class=\"news-block row\">\r\n\r\n<div class=\"col-2\">\r\n<h2>\ud83c\udde7\ud83c\udded ROTAX MINI MAX WORLD CHAMPIONS<\/h2>\r\n<p>\ud83c\udf89 It\u2019s time to celebrate! DAEMS Racing is proud of being part of Arata Endo\u2019s in his winning campaign in Bahrain. \ud83c\udfc6 Arata won the 2021 RMCGF MiniMAX Final, well done boy. \ud83d\udd39 #BluePower | \ud83c\udf40 #Ride4timo<\/p><a href=\"\/%f0%9f%87%a7%f0%9f%87%ad-rotax-mini-max-world-champions\" class=\"read-more\">Lees meer<\/a>\r\n<\/div> <!-- .col-2 -->\r\n\r\n<div class=\"col-2\">\r\n<div class=\"news-img\" style=\"background-image: url('https:\/\/daemsracing.be\/wp-content\/uploads\/2021\/12\/Screenshot-2021-12-20-at-12-42-25-Daems-Racing-Team-daemsracing-\u2022-Instagram-fotos-en-videos.png');\"><\/div>\r\n<\/div> <!-- .col-2 -->\r\n\r\n<\/div> <!-- .news-block .row -->\r\n\r\n\r\n<div class=\"news-block row\">\r\n\r\n<div class=\"col-2\">\r\n<h2>\ud83d\udc4b\ud83c\udffbThe Golden Trophy put an end on Camp Company\u2019s Rotax races.<\/h2>\r\n<p>\ud83d\udc4b\ud83c\udffbThe Golden Trophy put an end on Camp Company\u2019s Rotax races. We had some ups and downs but fought. Hard. Till the very last meter \ud83d\udc4a\ud83c\udffb Race results will follow: \u2022Mini MAX: Kjellerup, 9th. Avril, 10th. \u2022Junior MAX: Lowette, 24th. \u2022Senior: Picot, 16th. Riis, 17th. Bailly, 26th. Cuppens, 27th. \u2022DD2:\u2026 <\/p><a href=\"\/%f0%9f%91%8b%f0%9f%8f%bbthe-golden-trophy-put-an-end-on-camp-companys-rotax-races\" class=\"read-more\">Lees meer<\/a>\r\n<\/div> <!-- .col-2 -->\r\n\r\n<div class=\"col-2\">\r\n<div class=\"news-img\" style=\"background-image: url('https:\/\/daemsracing.be\/wp-content\/uploads\/2021\/11\/Screenshot-2021-11-26-at-11-01-28-Daems-Racing-Team-daemsracing-\u2022-Instagram-fotos-en-videos.png');\"><\/div>\r\n<\/div> <!-- .col-2 -->\r\n\r\n<\/div> <!-- .news-block .row -->\r\n\r\n\r\n<div class=\"news-block row\">\r\n\r\n<div class=\"col-2\">\r\n<h2>\u23f1 Qualifying practices completed in \ud83c\udde9\ud83c\uddea Wackersdorf, for the second round of the \ud83c\uddea\ud83c\uddfa Rotax MAX Challenge Euro Trophy.<\/h2>\r\n<p>\u23f1 Qualifying practices completed in \ud83c\udde9\ud83c\uddea Wackersdorf, for the second round of the \ud83c\uddea\ud83c\uddfa Rotax MAX Challenge Euro Trophy. Junior MAX Difficult session for our juniors \ud83c\uddeb\ud83c\uddf7 Schulz K. and \ud83c\udde7\ud83c\uddea Cloet G. in 15th and 21st respectively. Senior MAX Good flying lap for \ud83c\udde9\ud83c\uddf0 Riids M. who finished in\u2026 <\/p><a href=\"\/%e2%8f%b1-qualifying-practices-completed-in-%f0%9f%87%a9%f0%9f%87%aa-wackersdorf-for-the-second-round-of-the-%f0%9f%87%aa%f0%9f%87%ba-rotax-max-challenge-euro-trophy\" class=\"read-more\">Lees meer<\/a>\r\n<\/div> <!-- .col-2 -->\r\n\r\n<div class=\"col-2\">\r\n<div class=\"news-img\" style=\"background-image: url('https:\/\/daemsracing.be\/wp-content\/uploads\/2020\/03\/R19_0346-scaled.jpg');\"><\/div>\r\n<\/div> <!-- .col-2 -->\r\n\r\n<\/div> <!-- .news-block .row -->\r\n\r\n\r\n<div class=\"news-block row\">\r\n\r\n<div class=\"col-2\">\r\n<h2>\u2705 Solid weekend here in \ud83c\udde7\ud83c\uddea Genk, for the first round of the \ud83c\uddea\ud83c\uddfa Rotax MAX Challenge Euro Trophy.<\/h2>\r\n<p>\u2705 Solid weekend here in \ud83c\udde7\ud83c\uddea Genk, for the first round of the \ud83c\uddea\ud83c\uddfa Rotax MAX Challenge Euro Trophy. \ud83d\udcd1 That\u2019s the results after the finals\ud83d\udc47\ud83c\udffb Mini MAX \ud83c\udde7\ud83c\uddea Stevens V. P8 \ud83c\udde7\ud83c\uddea Lowett B. P9 Junior MAX \ud83c\udde7\ud83c\uddea Cloet G. P17 Senior MAX \ud83c\udde9\ud83c\uddf0 Riis M. P3 \ud83c\uddeb\ud83c\uddf7 Hebert\u2026 <\/p><a href=\"\/%e2%9c%85-solid-weekend-here-in-%f0%9f%87%a7%f0%9f%87%aa-genk-for-the-first-round-of-the-%f0%9f%87%aa%f0%9f%87%ba-rotax-max-challenge-euro-trophy\" class=\"read-more\">Lees meer<\/a>\r\n<\/div> <!-- .col-2 -->\r\n\r\n<div class=\"col-2\">\r\n<div class=\"news-img\" style=\"background-image: url('https:\/\/daemsracing.be\/wp-content\/uploads\/2020\/07\/0662EDA4-045D-4C0F-8FE4-DEBEA5A88A35.jpeg');\"><\/div>\r\n<\/div> <!-- .col-2 -->\r\n\r\n<\/div> <!-- .news-block .row -->\r\n\r\n\r\n<div class=\"news-block row\">\r\n\r\n<div class=\"col-2\">\r\n<h2>\ud83d\udcdd In one of the most difficult moments for karting, we want to show our support with this stunning pic.<\/h2>\r\n<p>\ud83d\udcdd In one of the most difficult moments for karting, we want to show our support with this stunning pic. \u2022 \ud83d\udde3 @jandaemsracing : \u201cDeeper is the night, brighter will be the sunrise. This is a very hard period for the entire motorsport community, and as a community we have\u2026 <\/p><a href=\"\/%f0%9f%93%9d-in-one-of-the-most-difficult-moments-for-karting-we-want-to-show-our-support-with-this-stunning-pic\" class=\"read-more\">Lees meer<\/a>\r\n<\/div> <!-- .col-2 -->\r\n\r\n<div class=\"col-2\">\r\n<div class=\"news-img\" style=\"background-image: url('https:\/\/daemsracing.be\/wp-content\/uploads\/2020\/03\/01301803048dd0cffbd2e97e12a59b3b013c042f5e.jpg');\"><\/div>\r\n<\/div> <!-- .col-2 -->\r\n\r\n<\/div> <!-- .news-block .row -->\r\n\r\n\r\n<div class=\"news-block row\">\r\n\r\n<div class=\"col-2\">\r\n<h2>\u26c8 Rain and cold in \ud83c\udde7\ud83c\uddea @karting.genk for the \u201cKick-Off\u201d final day of the BNL Karting Series. \u2022<\/h2>\r\n<p>\u26c8 Rain and cold in \ud83c\udde7\ud83c\uddea @karting.genk for the \u201cKick-Off\u201d final day of the BNL Karting Series. \u2022 Micro MAX \ud83c\udde7\ud83c\uddea Strauven T. after a difficult Final 1, crossed the finish line in 1st position in the Final 2, with a good gap on the rest of the field. He\u2026 <\/p><a href=\"\/%e2%9b%88-rain-and-cold-in-%f0%9f%87%a7%f0%9f%87%aa-karting-genk-for-the-kick-off-final-day-of-the-bnl-karting-series-%e2%80%a2\" class=\"read-more\">Lees meer<\/a>\r\n<\/div> <!-- .col-2 -->\r\n\r\n<div class=\"col-2\">\r\n<div class=\"news-img\" style=\"background-image: url('https:\/\/daemsracing.be\/wp-content\/uploads\/2020\/03\/R19_1998-scaled.jpg');\"><\/div>\r\n<\/div> <!-- .col-2 -->\r\n\r\n<\/div> <!-- .news-block .row -->\r\n\r\n\r\n<div class=\"news-block row\">\r\n\r\n<div class=\"col-2\">\r\n<h2>\ud83c\uddea\ud83c\uddf8 Mixed feelings here in Spain for the Rotax MAX Winter Cup.<\/h2>\r\n<p>\ud83c\uddea\ud83c\uddf8 Mixed feelings here in Spain for the Rotax MAX Winter Cup. \u2022 Micro MAX \ud83c\uddef\ud83c\uddf5 Arata E. after a good start, managed to finish in 4th position after good fights with the lead pack. &#8211; Senior MAX \ud83c\uddeb\ud83c\uddf7 Hebert A. wins the second chance heat after starting from 3rd\u2026 <\/p><a href=\"\/%f0%9f%87%aa%f0%9f%87%b8-mixed-feelings-here-in-spain-for-the-rotax-max-winter-cup\" class=\"read-more\">Lees meer<\/a>\r\n<\/div> <!-- .col-2 -->\r\n\r\n<div class=\"col-2\">\r\n<div class=\"news-img\" style=\"background-image: url('https:\/\/daemsracing.be\/wp-content\/uploads\/2020\/03\/R19_0346-scaled.jpg');\"><\/div>\r\n<\/div> <!-- .col-2 -->\r\n\r\n<\/div> <!-- .news-block .row -->\r\n\r\n\r\n<div class=\"news-block row\">\r\n\r\n<div class=\"col-2\">\r\n<h2>\ud83c\uddea\ud83c\uddf8 Rotax MAX Winter Cup, heats recap.<\/h2>\r\n<p>\ud83c\uddea\ud83c\uddf8 Rotax MAX Winter Cup, heats recap. \u2022 Micro MAX \ud83c\uddef\ud83c\uddf5 Arata E. after consistent day, will start from 4h position in the Prefinal. &#8211; Senior MAX \ud83c\uddeb\ud83c\uddf7 Hebert A. will start from 3rd position in the second chance heat, after good fights during the heats. \ud83c\udde7\ud83c\uddea Petit M. unfortunately\u2026 <\/p><a href=\"\/%f0%9f%87%aa%f0%9f%87%b8-rotax-max-winter-cup-heats-recap\" class=\"read-more\">Lees meer<\/a>\r\n<\/div> <!-- .col-2 -->\r\n\r\n<div class=\"col-2\">\r\n<div class=\"news-img\" style=\"background-image: url('');\"><\/div>\r\n<\/div> <!-- .col-2 -->\r\n\r\n<\/div> <!-- .news-block .row -->\r\n\r\n\r\n<div class=\"news-block row\">\r\n\r\n<div class=\"col-2\">\r\n<h2>\u2744\ufe0f The Rotax MAX Winter Cup is ready to start here in spain<\/h2>\r\n<p>\u2744\ufe0f The Rotax MAX Winter Cup is ready to start here in spain. \u2022 \ud83d\udc65 That\u2019s our line up for this race. &#8211; Micro MAX \ud83c\uddef\ud83c\uddf5 Arata E. &#8211; Senior MAX \ud83c\uddeb\ud83c\uddf7 Hebert A. \ud83c\udde7\ud83c\uddea Petit M. &#8211; DD2 \ud83c\uddeb\ud83c\uddee Juuso P. \ud83c\udde6\ud83c\uddf9 Machacek D. \ud83c\uddeb\ud83c\uddf7 Picot N. &#8211; DD2\u2026 <\/p><a href=\"\/%e2%9d%84%ef%b8%8f-the-rotax-max-winter-cup-is-ready-to-start-here-in-spain\" class=\"read-more\">Lees meer<\/a>\r\n<\/div> <!-- .col-2 -->\r\n\r\n<div class=\"col-2\">\r\n<div class=\"news-img\" style=\"background-image: url('');\"><\/div>\r\n<\/div> <!-- .col-2 -->\r\n\r\n<\/div> <!-- .news-block .row -->\r\n\r\n\r\n<div class=\"news-block row\">\r\n\r\n<div class=\"col-2\">\r\n<h2>\ud83c\uddea\ud83c\uddf8 IAME Winter Cup &#8211; Final report.<\/h2>\r\n<p>\u2022 X30 Mini ~ \ud83c\uddef\ud83c\uddf5 Shioda S. after good start, had some fights in the mid pack, then a penalty pushed him back to 33rd position. &#8211; X30 Junior ~ Bad luck for \ud83c\uddef\ud83c\uddf5 Sio M. who didn\u2019t take part to the final. &#8211; X30 Senior ~ Unlucky sunday for\u2026 <\/p><a href=\"\/%f0%9f%87%aa%f0%9f%87%b8-iame-winter-cup-final-report\" class=\"read-more\">Lees meer<\/a>\r\n<\/div> <!-- .col-2 -->\r\n\r\n<div class=\"col-2\">\r\n<div class=\"news-img\" style=\"background-image: url('https:\/\/daemsracing.be\/wp-content\/uploads\/2020\/02\/85147394_2739290219518700_7563623513483902976_n-e1581337735872.jpg');\"><\/div>\r\n<\/div> <!-- .col-2 -->\r\n\r\n<\/div> <!-- .news-block .row -->\r\n\r\n\r\n<div class=\"news-block row\">\r\n\r\n<div class=\"col-2\">\r\n<h2>\ud83c\uddea\ud83c\uddf8 IAME Winter Cup &#8211; Saturday\u2019s report.<\/h2>\r\n<p>\ud83c\uddea\ud83c\uddf8 IAME Winter Cup &#8211; Saturday\u2019s report. \u2022 #X30Mini ~ \ud83c\uddef\ud83c\uddf5 Shioda S. after good start, had some fights in the mid pack, then a penalty relegated him to 33rd position. &#8211; #X30Junior ~ Bad luck for \ud83c\uddef\ud83c\uddf5 Sio M. who didn\u2019t take part to the final. #X30Senior ~ Unlucky\u2026 <\/p><a href=\"\/%f0%9f%87%aa%f0%9f%87%b8-iame-winter-cup-saturdays-report\" class=\"read-more\">Lees meer<\/a>\r\n<\/div> <!-- .col-2 -->\r\n\r\n<div class=\"col-2\">\r\n<div class=\"news-img\" style=\"background-image: url('https:\/\/daemsracing.be\/wp-content\/uploads\/2020\/02\/85147394_2739290219518700_7563623513483902976_n-e1581337735872.jpg');\"><\/div>\r\n<\/div> <!-- .col-2 -->\r\n\r\n<\/div> <!-- .news-block .row -->\r\n\r\n\r\n<div class=\"news-block row\">\r\n\r\n<div class=\"col-2\">\r\n<h2>DKM Round 5 Genk<\/h2>\r\n<p>DMSB DKM Round 5 Genk: A strong debut for us in OKJ with our driver Gilles Stadsbader finishing Top 10 in Final 1 . Due to a nose cone penalty in Final 2 putted back to P22. VROOAM OneEngine Vortex Engines #bluearmy #dreamteam #harderbetterfasterstronger<\/p><a href=\"\/dkm-round-5-genk\" class=\"read-more\">Lees meer<\/a>\r\n<\/div> <!-- .col-2 -->\r\n\r\n<div class=\"col-2\">\r\n<div class=\"news-img\" style=\"background-image: url('https:\/\/daemsracing.be\/wp-content\/uploads\/2018\/08\/FFBE4897.jpg');\"><\/div>\r\n<\/div> <!-- .col-2 -->\r\n\r\n<\/div> <!-- .news-block .row -->\r\n\r\n\r\n<div class=\"news-block row\">\r\n\r\n<div class=\"col-2\">\r\n<h2>ROTAX MAX Euro Trophy Round 2 Sweden<\/h2>\r\n<p>ROTAX MAX Euro Trophy Round 2 Sweden &nbsp; \u25ca\u25caKobe Pauwels&nbsp; wins Final 2 and 2nd overall in Junior. \u25ca\u25caManuel Tenschert&nbsp; P2 in DD2 Masters. \u25ca\u25caTijmen Vanderhelm P4 seniors. A sollid one off in preparation for the Worlds OK.<\/p><a href=\"\/rotax-max-euro-trophy-round-2-sweden\" class=\"read-more\">Lees meer<\/a>\r\n<\/div> <!-- .col-2 -->\r\n\r\n<div class=\"col-2\">\r\n<div class=\"news-img\" style=\"background-image: url('https:\/\/daemsracing.be\/wp-content\/uploads\/2018\/06\/35055133_1716865735094492_7114943729068146688_n.jpg');\"><\/div>\r\n<\/div> <!-- .col-2 -->\r\n\r\n<\/div> <!-- .news-block .row -->\r\n\r\n\r\n<div class=\"news-block row\">\r\n\r\n<div class=\"col-2\">\r\n<h2>La finale Junior Max pour Van Der Helm<\/h2>\r\n<p>La finale Junior Max (Praga) de la Rotax Max Challenge Grand Finals de Portimao 2017 b\u00e9n\u00e9ficiait du beau temps permanent de l&#8217;Algarve depuis le d\u00e9but de la semaine. Tommy Foster (GBR) partageait la 1re ligne avec Tijmen Van Der Helm (NLD-DAEMS RACING), suivis par Senna Van Walstijn (NLD) et Jac\u2026 <\/p><a href=\"\/la-finale-junior-max-pour-helm\" class=\"read-more\">Lees meer<\/a>\r\n<\/div> <!-- .col-2 -->\r\n\r\n<div class=\"col-2\">\r\n<div class=\"news-img\" style=\"background-image: url('https:\/\/daemsracing.be\/wp-content\/uploads\/2017\/11\/KSP_202_3747.jpg');\"><\/div>\r\n<\/div> <!-- .col-2 -->\r\n\r\n<\/div> <!-- .news-block .row -->\r\n\r\n\r\n<div class=\"news-block row\">\r\n\r\n<div class=\"col-2\">\r\n<h2>European Champion DD2 2017<\/h2>\r\n<p>European Champion DD2 2017 &nbsp; &nbsp;<\/p><a href=\"\/european-champion-dd2-2017\" class=\"read-more\">Lees meer<\/a>\r\n<\/div> <!-- .col-2 -->\r\n\r\n<div class=\"col-2\">\r\n<div class=\"news-img\" style=\"background-image: url('https:\/\/daemsracing.be\/wp-content\/uploads\/2017\/10\/2017-09-26-PHOTO-00000997.jpg');\"><\/div>\r\n<\/div> <!-- .col-2 -->\r\n\r\n<\/div> <!-- .news-block .row -->\r\n\r\n\r\n<div class=\"news-block row\">\r\n\r\n<div class=\"col-2\">\r\n<h2>Double podium at the 3rd round EuroMax in Wackersdorf!<\/h2>\r\n<p>Another great weekend for the DAEMS RACING TEAM with a 2nd win a row for Constantin Sch\u00f6ll in the DD2 class. Noah Roovers scoring his 2nd podium finish of the year in 3rd of the Senior Final. Kobe Pauwels and Dani Machacek made the weekend complete by finishing both in\u2026 <\/p><a href=\"\/double-podium-at-the-3rd-round-euromax-wackersdorf\" class=\"read-more\">Lees meer<\/a>\r\n<\/div> <!-- .col-2 -->\r\n\r\n<div class=\"col-2\">\r\n<div class=\"news-img\" style=\"background-image: url('https:\/\/daemsracing.be\/wp-content\/uploads\/2017\/08\/IMG_0257.jpg');\"><\/div>\r\n<\/div> <!-- .col-2 -->\r\n\r\n<\/div> <!-- .news-block .row -->\r\n\r\n\r\n\r\n<\/div> <!-- .sheet -->","protected":false},"excerpt":{"rendered":" [&hellip;]","protected":false},"author":1,"featured_media":0,"parent":0,"menu_order":0,"comment_status":"closed","ping_status":"closed","template":"","meta":{"footnotes":""},"acf":[],"yoast_head":"<!-- This site is optimized with the Yoast SEO plugin v17.6 - https:\/\/yoast.com\/wordpress\/plugins\/seo\/ -->\n<title>News - Daems Racing<\/title>\n<meta name=\"robots\" content=\"index, follow, max-snippet:-1, max-image-preview:large, max-video-preview:-1\" \/>\n<link rel=\"canonical\" href=\"https:\/\/daemsracing.be\/nieuws\/\" \/>\n<meta property=\"og:locale\" content=\"en_US\" \/>\n<meta property=\"og:type\" content=\"article\" \/>\n<meta property=\"og:title\" content=\"[:nl]Nieuws[:en]News[:] - Daems Racing\" \/>\n<meta property=\"og:description\" content=\"[&hellip;]\" \/>\n<meta property=\"og:url\" content=\"https:\/\/daemsracing.be\/nieuws\/\" \/>\n<meta property=\"og:site_name\" content=\"Daems Racing\" \/>\n<meta property=\"article:modified_time\" content=\"2018-07-20T09:42:09+00:00\" \/>\n<meta name=\"twitter:card\" content=\"summary\" \/>\n<script type=\"application\/ld+json\" class=\"yoast-schema-graph\">{\"@context\":\"https:\/\/schema.org\",\"@graph\":[{\"@type\":\"WebSite\",\"@id\":\"https:\/\/daemsracing.be\/#website\",\"url\":\"https:\/\/daemsracing.be\/\",\"name\":\"Daems Racing\",\"description\":\"WEDSTRIJDKARTING OP INTERNATIONAAL NIVEAU\",\"potentialAction\":[{\"@type\":\"SearchAction\",\"target\":{\"@type\":\"EntryPoint\",\"urlTemplate\":\"https:\/\/daemsracing.be\/?s={search_term_string}\"},\"query-input\":\"required name=search_term_string\"}],\"inLanguage\":\"en-US\"},{\"@type\":\"WebPage\",\"@id\":\"https:\/\/daemsracing.be\/nieuws\/#webpage\",\"url\":\"https:\/\/daemsracing.be\/nieuws\/\",\"name\":\"[:nl]Nieuws[:en]News[:] - Daems Racing\",\"isPartOf\":{\"@id\":\"https:\/\/daemsracing.be\/#website\"},\"datePublished\":\"2016-10-19T12:02:24+00:00\",\"dateModified\":\"2018-07-20T09:42:09+00:00\",\"breadcrumb\":{\"@id\":\"https:\/\/daemsracing.be\/nieuws\/#breadcrumb\"},\"inLanguage\":\"en-US\",\"potentialAction\":[{\"@type\":\"ReadAction\",\"target\":[\"https:\/\/daemsracing.be\/nieuws\/\"]}]},{\"@type\":\"BreadcrumbList\",\"@id\":\"https:\/\/daemsracing.be\/nieuws\/#breadcrumb\",\"itemListElement\":[{\"@type\":\"ListItem\",\"position\":1,\"name\":\"Home\",\"item\":\"https:\/\/daemsracing.be\/\"},{\"@type\":\"ListItem\",\"position\":2,\"name\":\"Nieuws\"}]}]}<\/script>\n<!-- \/ Yoast SEO plugin. -->","yoast_head_json":{"title":"[:nl]Nieuws[:en]News[:] - Daems Racing","robots":{"index":"index","follow":"follow","max-snippet":"max-snippet:-1","max-image-preview":"max-image-preview:large","max-video-preview":"max-video-preview:-1"},"canonical":"https:\/\/daemsracing.be\/nieuws\/","og_locale":"en_US","og_type":"article","og_title":"[:nl]Nieuws[:en]News[:] - Daems Racing","og_description":"[&hellip;]","og_url":"https:\/\/daemsracing.be\/nieuws\/","og_site_name":"Daems Racing","article_modified_time":"2018-07-20T09:42:09+00:00","twitter_card":"summary","schema":{"@context":"https:\/\/schema.org","@graph":[{"@type":"WebSite","@id":"https:\/\/daemsracing.be\/#website","url":"https:\/\/daemsracing.be\/","name":"Daems Racing","description":"WEDSTRIJDKARTING OP INTERNATIONAAL NIVEAU","potentialAction":[{"@type":"SearchAction","target":{"@type":"EntryPoint","urlTemplate":"https:\/\/daemsracing.be\/?s={search_term_string}"},"query-input":"required name=search_term_string"}],"inLanguage":"en-US"},{"@type":"WebPage","@id":"https:\/\/daemsracing.be\/nieuws\/#webpage","url":"https:\/\/daemsracing.be\/nieuws\/","name":"[:nl]Nieuws[:en]News[:] - Daems Racing","isPartOf":{"@id":"https:\/\/daemsracing.be\/#website"},"datePublished":"2016-10-19T12:02:24+00:00","dateModified":"2018-07-20T09:42:09+00:00","breadcrumb":{"@id":"https:\/\/daemsracing.be\/nieuws\/#breadcrumb"},"inLanguage":"en-US","potentialAction":[{"@type":"ReadAction","target":["https:\/\/daemsracing.be\/nieuws\/"]}]},{"@type":"BreadcrumbList","@id":"https:\/\/daemsracing.be\/nieuws\/#breadcrumb","itemListElement":[{"@type":"ListItem","position":1,"name":"Home","item":"https:\/\/daemsracing.be\/"},{"@type":"ListItem","position":2,"name":"Nieuws"}]}]}},"_links":{"self":[{"href":"https:\/\/daemsracing.be\/en\/wp-json\/wp\/v2\/pages\/34"}],"collection":[{"href":"https:\/\/daemsracing.be\/en\/wp-json\/wp\/v2\/pages"}],"about":[{"href":"https:\/\/daemsracing.be\/en\/wp-json\/wp\/v2\/types\/page"}],"author":[{"embeddable":true,"href":"https:\/\/daemsracing.be\/en\/wp-json\/wp\/v2\/users\/1"}],"replies":[{"embeddable":true,"href":"https:\/\/daemsracing.be\/en\/wp-json\/wp\/v2\/comments?post=34"}],"version-history":[{"count":14,"href":"https:\/\/daemsracing.be\/en\/wp-json\/wp\/v2\/pages\/34\/revisions"}],"predecessor-version":[{"id":653,"href":"https:\/\/daemsracing.be\/en\/wp-json\/wp\/v2\/pages\/34\/revisions\/653"}],"wp:attachment":[{"href":"https:\/\/daemsracing.be\/en\/wp-json\/wp\/v2\/media?parent=34"}],"curies":[{"name":"wp","href":"https:\/\/api.w.org\/{rel}","templated":true}]}}